{"id":264,"date":"2020-04-05T17:17:35","date_gmt":"2020-04-05T14:17:35","guid":{"rendered":"http:\/\/www.akuuttigeriatria.fi\/?page_id=264"},"modified":"2020-04-06T10:34:16","modified_gmt":"2020-04-06T07:34:16","slug":"covid-19","status":"publish","type":"page","link":"http:\/\/www.akuuttigeriatria.fi\/?page_id=264","title":{"rendered":"Covid-19"},"content":{"rendered":"<p>T\u00e4lle sivulle on koottu terveydenhuollon ammattilaisten k\u00e4ytt\u00f6\u00f6n tarkoitettua i\u00e4kk\u00e4iden akuuttihoitoon Covid-19-epidemian aikana liittyv\u00e4\u00e4 aineistoa.<\/p>\n<p><strong>Sagyn kannanotot ja ohjeet<\/strong><\/p>\n<p><a href=\"http:\/\/www.akuuttigeriatria.fi\/wp-content\/uploads\/2020\/03\/Suomen-akuuttigeriatrian-yhdistyksen-kannanotto-Covid-epidemian-johdosta.pdf\">Suomen akuuttigeriatrian yhdistyksen kannanotto Covid-epidemian johdosta<\/a><\/p>\n<p class=\"entry-title\"><a href=\"http:\/\/www.akuuttigeriatria.fi\/?page_id=272\">Tarkistuslista: I\u00e4kk\u00e4iden potilaiden hoidon varmistaminen Covid-19-epidemian aikana<\/a><\/p>\n<p>&nbsp;<\/p>\n<p><strong>Muiden yhdistysten ja tahojen kannanottoja<br \/>\n<\/strong><\/p>\n<p><a href=\"http:\/\/www.akuuttigeriatria.fi\/wp-content\/uploads\/2020\/03\/Suomen-akuuttigeriatrian-yhdistyksen-kannanotto-Covid-epidemian-johdosta.pdf\">Suomen Tehohoitoyhdistyksen eettiset ohjeet<\/a><\/p>\n<p>&nbsp;<\/p>\n<p><strong>Hoito- ja toiminta-ohjeita<\/strong><\/p>\n<p><a href=\"https:\/\/stm.fi\/stm-ohjeet-koronavirustilanteessa\">STM:n viranomaisohjeet<\/a><\/p>\n<p><a href=\"https:\/\/thl.fi\/fi\/web\/infektiotaudit-ja-rokotukset\/ajankohtaista\/ajankohtaista-koronaviruksesta-covid-19\/koronavirusinfektiot-ohjeita-sote-ammattilaisille\">THL:n ohjeet ammattilaisille<\/a><\/p>\n<p><a href=\"https:\/\/www.eugms.org\/news\/read\/article\/490.html\">Euroopan Geriatriyhdistyksen (EUGMS) yll\u00e4pit\u00e4m\u00e4 tietopankki eri maiden ohjeista<\/a><\/p>\n","protected":false},"excerpt":{"rendered":"<p>T\u00e4lle sivulle on koottu terveydenhuollon ammattilaisten k\u00e4ytt\u00f6\u00f6n tarkoitettua i\u00e4kk\u00e4iden akuuttihoitoon Covid-19-epidemian aikana liittyv\u00e4\u00e4 aineistoa. Sagyn kannanotot ja ohjeet Suomen akuuttigeriatrian yhdistyksen kannanotto Covid-epidemian johdosta Tarkistuslista: I\u00e4kk\u00e4iden potilaiden hoidon varmistaminen Covid-19-epidemian aikana &nbsp; Muiden yhdistysten ja tahojen kannanottoja Suomen Tehohoitoyhdistyksen eettiset ohjeet &nbsp; Hoito- ja toiminta-ohjeita STM:n viranomaisohjeet THL:n ohjeet ammattilaisille Euroopan Geriatriyhdistyksen (EUGMS) yll\u00e4pit\u00e4m\u00e4 tietopankki &#8230; <a class=\"read-more\" href=\"http:\/\/www.akuuttigeriatria.fi\/?page_id=264\">Read more&#8230;<\/a><\/p>\n","protected":false},"author":2,"featured_media":0,"parent":0,"menu_order":0,"comment_status":"closed","ping_status":"closed","template":"","meta":{"footnotes":""},"class_list":["post-264","page","type-page","status-publish"],"_links":{"self":[{"href":"http:\/\/www.akuuttigeriatria.fi\/index.php?rest_route=\/wp\/v2\/pages\/264","targetHints":{"allow":["GET"]}}],"collection":[{"href":"http:\/\/www.akuuttigeriatria.fi\/index.php?rest_route=\/wp\/v2\/pages"}],"about":[{"href":"http:\/\/www.akuuttigeriatria.fi\/index.php?rest_route=\/wp\/v2\/types\/page"}],"author":[{"embeddable":true,"href":"http:\/\/www.akuuttigeriatria.fi\/index.php?rest_route=\/wp\/v2\/users\/2"}],"replies":[{"embeddable":true,"href":"http:\/\/www.akuuttigeriatria.fi\/index.php?rest_route=%2Fwp%2Fv2%2Fcomments&post=264"}],"version-history":[{"count":8,"href":"http:\/\/www.akuuttigeriatria.fi\/index.php?rest_route=\/wp\/v2\/pages\/264\/revisions"}],"predecessor-version":[{"id":281,"href":"http:\/\/www.akuuttigeriatria.fi\/index.php?rest_route=\/wp\/v2\/pages\/264\/revisions\/281"}],"wp:attachment":[{"href":"http:\/\/www.akuuttigeriatria.fi\/index.php?rest_route=%2Fwp%2Fv2%2Fmedia&parent=264"}],"curies":[{"name":"wp","href":"https:\/\/api.w.org\/{rel}","templated":true}]}}