{"id":14,"date":"2015-12-12T22:05:28","date_gmt":"2015-12-12T20:05:28","guid":{"rendered":"http:\/\/www.akuuttigeriatria.fi\/?page_id=14"},"modified":"2022-09-29T19:35:52","modified_gmt":"2022-09-29T16:35:52","slug":"jaseneksi","status":"publish","type":"page","link":"https:\/\/www.akuuttigeriatria.fi\/?page_id=14","title":{"rendered":"J\u00e4seneksi"},"content":{"rendered":"<p>Tervetuloa mukaan!<\/p>\n<p>Suomen akuuttigeriatrian yhdistykseen voi liitty\u00e4 Suomessa laillistettu sosiaali- ja terveydenhuollon ammattihenkil\u00f6 tai n\u00e4iden alojen opiskelija, joka on kiinnostunut vanhusten akuuttihoidosta.<\/p>\n<p>J\u00e4senmaksu on 15 euroa \/ vuosi.<\/p>\n<p>Ota yhteytt\u00e4 liitty\u00e4ksesi j\u00e4seneksi: <a href=\"mailto:hallitus@akuuttigeriatria.fi\">hallitus@akuuttigeriatria.fi<\/a><\/p>\n","protected":false},"excerpt":{"rendered":"<p>Tervetuloa mukaan! Suomen akuuttigeriatrian yhdistykseen voi liitty\u00e4 Suomessa laillistettu sosiaali- ja terveydenhuollon ammattihenkil\u00f6 tai n\u00e4iden alojen opiskelija, joka on kiinnostunut vanhusten akuuttihoidosta. J\u00e4senmaksu on 15 euroa \/ vuosi. Ota yhteytt\u00e4 liitty\u00e4ksesi j\u00e4seneksi: hallitus@akuuttigeriatria.fi<\/p>\n","protected":false},"author":1,"featured_media":0,"parent":0,"menu_order":0,"comment_status":"closed","ping_status":"closed","template":"","meta":{"footnotes":""},"class_list":["post-14","page","type-page","status-publish"],"_links":{"self":[{"href":"https:\/\/www.akuuttigeriatria.fi\/index.php?rest_route=\/wp\/v2\/pages\/14","targetHints":{"allow":["GET"]}}],"collection":[{"href":"https:\/\/www.akuuttigeriatria.fi\/index.php?rest_route=\/wp\/v2\/pages"}],"about":[{"href":"https:\/\/www.akuuttigeriatria.fi\/index.php?rest_route=\/wp\/v2\/types\/page"}],"author":[{"embeddable":true,"href":"https:\/\/www.akuuttigeriatria.fi\/index.php?rest_route=\/wp\/v2\/users\/1"}],"replies":[{"embeddable":true,"href":"https:\/\/www.akuuttigeriatria.fi\/index.php?rest_route=%2Fwp%2Fv2%2Fcomments&post=14"}],"version-history":[{"count":8,"href":"https:\/\/www.akuuttigeriatria.fi\/index.php?rest_route=\/wp\/v2\/pages\/14\/revisions"}],"predecessor-version":[{"id":373,"href":"https:\/\/www.akuuttigeriatria.fi\/index.php?rest_route=\/wp\/v2\/pages\/14\/revisions\/373"}],"wp:attachment":[{"href":"https:\/\/www.akuuttigeriatria.fi\/index.php?rest_route=%2Fwp%2Fv2%2Fmedia&parent=14"}],"curies":[{"name":"wp","href":"https:\/\/api.w.org\/{rel}","templated":true}]}}