{"id":272,"date":"2020-04-05T18:19:42","date_gmt":"2020-04-05T15:19:42","guid":{"rendered":"http:\/\/www.akuuttigeriatria.fi\/?page_id=272"},"modified":"2020-04-07T08:18:51","modified_gmt":"2020-04-07T05:18:51","slug":"tarkistuslista-iakkaiden-potilaiden-hoidon-varmistaminen-covid-19-epidemian-aikana","status":"publish","type":"page","link":"https:\/\/www.akuuttigeriatria.fi\/?page_id=272","title":{"rendered":"Tarkistuslista: I\u00e4kk\u00e4iden potilaiden hoidon varmistaminen Covid-19-epidemian aikana"},"content":{"rendered":"<p>T\u00e4h\u00e4n tarkistuslistaan on koottu i\u00e4kk\u00e4iden potilaiden hoitoon (erityisesti akuuttien sairauksien osalta) liittyvi\u00e4 asioita, jotka on aiheellista ottaa huomioon Covid-19 -epidemiaan valmistautumisessa ja epidemian aikana turvallisen, tarkoituksenmukaisen ja yksik\u00f6llisen hoidon varmistamiseksi. Alueellisten erojen sek\u00e4 jatkuvasti p\u00e4ivittyvien ja t\u00e4ydentyvien viranomaisohjeiden vuoksi emme ota kantaa siihen, miten eri asiat pit\u00e4isi j\u00e4rjest\u00e4\u00e4, mutta toivomme t\u00e4m\u00e4n luettelon olevan avuksi tarkistuslistana: mist\u00e4 asioista alueellisesti on jo huolehdittu ja mitk\u00e4 asiat ovat niit\u00e4, joihin pit\u00e4\u00e4 viel\u00e4 ottaa kantaa?<\/p>\n<p>Lista on tarkoitettu vain terveydenhuollon ammattilaisten k\u00e4ytt\u00f6\u00f6n, ja sit\u00e4 p\u00e4ivitet\u00e4\u00e4n tilanteen mukaan ja saadun palautteen perusteella. Listaa yll\u00e4pidet\u00e4\u00e4n Suomen akuuttigeriatrin yhdistyksen ja Suomen Geriatrien yhteisty\u00f6n\u00e4.<\/p>\n<p>Kommentit ja t\u00e4ydennysehdotukset voi l\u00e4hett\u00e4\u00e4 <a href=\"mailto:info@akuuttigeriatria.fi\">info@akuuttigeriatria.fi<\/a> tai <a href=\"mailto:info@suomengeriatrit.fi\">info@suomengeriatrit.fi<\/a><\/p>\n<p>&nbsp;<\/p>\n<p>Tarkistuslista l\u00f6ytyy t\u00e4st\u00e4: <a href=\"http:\/\/www.akuuttigeriatria.fi\/wp-content\/uploads\/2020\/04\/Covid-19-checklist-ia\u0308kka\u0308iden-hoitoon-liittyva\u0308t-kysymykset-2.pdf\">Covid-19 checklist &#8211; ia\u0308kka\u0308iden hoitoon liittyva\u0308t kysymykset<\/a><\/p>\n<p>&nbsp;<\/p>\n","protected":false},"excerpt":{"rendered":"<p>T\u00e4h\u00e4n tarkistuslistaan on koottu i\u00e4kk\u00e4iden potilaiden hoitoon (erityisesti akuuttien sairauksien osalta) liittyvi\u00e4 asioita, jotka on aiheellista ottaa huomioon Covid-19 -epidemiaan valmistautumisessa ja epidemian aikana turvallisen, tarkoituksenmukaisen ja yksik\u00f6llisen hoidon varmistamiseksi. Alueellisten erojen sek\u00e4 jatkuvasti p\u00e4ivittyvien ja t\u00e4ydentyvien viranomaisohjeiden vuoksi emme ota kantaa siihen, miten eri asiat pit\u00e4isi j\u00e4rjest\u00e4\u00e4, mutta toivomme t\u00e4m\u00e4n luettelon olevan avuksi tarkistuslistana: &#8230; <a class=\"read-more\" href=\"https:\/\/www.akuuttigeriatria.fi\/?page_id=272\">Read more&#8230;<\/a><\/p>\n","protected":false},"author":2,"featured_media":0,"parent":264,"menu_order":0,"comment_status":"closed","ping_status":"closed","template":"","meta":{"footnotes":""},"class_list":["post-272","page","type-page","status-publish"],"_links":{"self":[{"href":"https:\/\/www.akuuttigeriatria.fi\/index.php?rest_route=\/wp\/v2\/pages\/272","targetHints":{"allow":["GET"]}}],"collection":[{"href":"https:\/\/www.akuuttigeriatria.fi\/index.php?rest_route=\/wp\/v2\/pages"}],"about":[{"href":"https:\/\/www.akuuttigeriatria.fi\/index.php?rest_route=\/wp\/v2\/types\/page"}],"author":[{"embeddable":true,"href":"https:\/\/www.akuuttigeriatria.fi\/index.php?rest_route=\/wp\/v2\/users\/2"}],"replies":[{"embeddable":true,"href":"https:\/\/www.akuuttigeriatria.fi\/index.php?rest_route=%2Fwp%2Fv2%2Fcomments&post=272"}],"version-history":[{"count":9,"href":"https:\/\/www.akuuttigeriatria.fi\/index.php?rest_route=\/wp\/v2\/pages\/272\/revisions"}],"predecessor-version":[{"id":288,"href":"https:\/\/www.akuuttigeriatria.fi\/index.php?rest_route=\/wp\/v2\/pages\/272\/revisions\/288"}],"up":[{"embeddable":true,"href":"https:\/\/www.akuuttigeriatria.fi\/index.php?rest_route=\/wp\/v2\/pages\/264"}],"wp:attachment":[{"href":"https:\/\/www.akuuttigeriatria.fi\/index.php?rest_route=%2Fwp%2Fv2%2Fmedia&parent=272"}],"curies":[{"name":"wp","href":"https:\/\/api.w.org\/{rel}","templated":true}]}}